{"id":351,"date":"2024-09-27T15:46:41","date_gmt":"2024-09-27T13:46:41","guid":{"rendered":"https:\/\/llvseguros.com\/?page_id=351"},"modified":"2024-09-27T15:46:41","modified_gmt":"2024-09-27T13:46:41","slug":"politica-de-cookies","status":"publish","type":"page","link":"https:\/\/llvseguros.com\/index.php\/politica-de-cookies\/","title":{"rendered":"Pol\u00edtica de Cookies"},"content":{"rendered":"\n<p>\u00daltima actualizaci\u00f3n: 27\/09\/2024<\/p>\n\n\n\n<p>En Luis L\u00f3pez Vidal, utilizamos cookies y tecnolog\u00edas similares para mejorar tu experiencia en nuestro sitio web, analizar el tr\u00e1fico y personalizar el contenido. Esta pol\u00edtica de cookies explica qu\u00e9 son las cookies, c\u00f3mo las utilizamos, c\u00f3mo puedes gestionarlas y tus derechos en relaci\u00f3n con ellas.<\/p>\n\n\n\n<p><strong>\u00bfQu\u00e9 son las cookies?<\/strong><\/p>\n\n\n\n<p>Las cookies son peque\u00f1os archivos de texto que se almacenan en tu dispositivo (ordenador, tablet o m\u00f3vil) cuando visitas un sitio web. Estas cookies permiten que el sitio web reconozca tu dispositivo y recopile informaci\u00f3n sobre tus preferencias o acciones pasadas.<\/p>\n\n\n\n<p><strong>\u00bfC\u00f3mo utilizamos las cookies?<\/strong><\/p>\n\n\n\n<p>Utilizamos cookies para los siguientes prop\u00f3sitos:<\/p>\n\n\n\n<p>1. Cookies esenciales: Estas cookies son necesarias para el funcionamiento del sitio web y no se pueden desactivar en nuestros sistemas. Se suelen configurar en respuesta a acciones realizadas por ti, como establecer tus preferencias de privacidad, iniciar sesi\u00f3n o completar formularios.<\/p>\n\n\n\n<p>2. Cookies de rendimiento: Estas cookies nos permiten contar las visitas y las fuentes de tr\u00e1fico, para poder medir y mejorar el rendimiento de nuestro sitio. Nos ayudan a saber qu\u00e9 p\u00e1ginas son las m\u00e1s y menos populares y a ver c\u00f3mo se mueven los visitantes por el sitio.<\/p>\n\n\n\n<p>3. Cookies de funcionalidad: Estas cookies permiten que el sitio web ofrezca una mejor funcionalidad y personalizaci\u00f3n. Pueden ser establecidas por nosotros o por proveedores externos cuyos servicios hemos a\u00f1adido a nuestras p\u00e1ginas.<\/p>\n\n\n\n<p>4. Cookies de publicidad: Estas cookies pueden ser establecidas a trav\u00e9s de nuestro sitio por nuestros socios publicitarios. Pueden ser utilizadas por estas empresas para crear un perfil de tus intereses y mostrarte anuncios relevantes en otros sitios.<\/p>\n\n\n\n<p><strong>Gesti\u00f3n de cookies<\/strong><\/p>\n\n\n\n<p>Puedes gestionar tus preferencias de cookies a trav\u00e9s de la configuraci\u00f3n de tu navegador. La mayor\u00eda de los navegadores te permiten:<\/p>\n\n\n\n<p>&#8211; Ver qu\u00e9 cookies tienes y eliminarlas.<br>&#8211; Bloquear cookies de terceros.<br>&#8211; Recibir una advertencia antes de que se almacene una cookie.<br>&#8211; Desactivar todas las cookies.<\/p>\n\n\n\n<p>Ten en cuenta que si decides desactivar las cookies, es posible que algunas partes de nuestro sitio no funcionen correctamente.<\/p>\n\n\n\n<p><strong>Tus derechos<\/strong><\/p>\n\n\n\n<p>Tienes derecho a acceder, rectificar y eliminar tus datos<\/p>\n","protected":false},"excerpt":{"rendered":"<p>\u00daltima actualizaci\u00f3n: 27\/09\/2024 En Luis L\u00f3pez Vidal, utilizamos cookies y tecnolog\u00edas similares para mejorar tu experiencia en nuestro sitio web, analizar el tr\u00e1fico y personalizar el contenido. Esta pol\u00edtica de cookies explica qu\u00e9 son las cookies, c\u00f3mo las utilizamos, c\u00f3mo puedes gestionarlas y tus derechos en relaci\u00f3n con ellas. \u00bfQu\u00e9 son las cookies? Las cookies [&hellip;]<\/p>\n","protected":false},"author":1,"featured_media":0,"parent":0,"menu_order":0,"comment_status":"closed","ping_status":"closed","template":"","meta":{"footnotes":""},"class_list":["post-351","page","type-page","status-publish","hentry"],"_links":{"self":[{"href":"https:\/\/llvseguros.com\/index.php\/wp-json\/wp\/v2\/pages\/351","targetHints":{"allow":["GET"]}}],"collection":[{"href":"https:\/\/llvseguros.com\/index.php\/wp-json\/wp\/v2\/pages"}],"about":[{"href":"https:\/\/llvseguros.com\/index.php\/wp-json\/wp\/v2\/types\/page"}],"author":[{"embeddable":true,"href":"https:\/\/llvseguros.com\/index.php\/wp-json\/wp\/v2\/users\/1"}],"replies":[{"embeddable":true,"href":"https:\/\/llvseguros.com\/index.php\/wp-json\/wp\/v2\/comments?post=351"}],"version-history":[{"count":1,"href":"https:\/\/llvseguros.com\/index.php\/wp-json\/wp\/v2\/pages\/351\/revisions"}],"predecessor-version":[{"id":352,"href":"https:\/\/llvseguros.com\/index.php\/wp-json\/wp\/v2\/pages\/351\/revisions\/352"}],"wp:attachment":[{"href":"https:\/\/llvseguros.com\/index.php\/wp-json\/wp\/v2\/media?parent=351"}],"curies":[{"name":"wp","href":"https:\/\/api.w.org\/{rel}","templated":true}]}}