{"id":361,"date":"2025-03-03T20:02:10","date_gmt":"2025-03-03T19:02:10","guid":{"rendered":"https:\/\/llvseguros.com\/?page_id=361"},"modified":"2025-03-03T20:02:10","modified_gmt":"2025-03-03T19:02:10","slug":"seguros-para-el-audiovisual","status":"publish","type":"page","link":"https:\/\/llvseguros.com\/index.php\/seguros-para-el-audiovisual\/","title":{"rendered":"Seguros para el audiovisual"},"content":{"rendered":"\n<p>Sin duda, uno de los seguros quiz\u00e1 m\u00e1s desconocidos, es el que dedicamos a la industria del cine, en realidad, para cualquier proyecto audiovisual.<\/p>\n\n\n\n<p>Desde LLV CORREDURIA DE SEGUROS te ofrecemos esa garant\u00eda que necesitas para tu pel\u00edcula, cortometraje, documental, spot publicitario o cualquier proyecto audiovisual, para tener la seguridad de que tu proyecto llegar\u00e1 a buen t\u00e9rmino, sin contratiempos inesperados.<\/p>\n\n\n\n<p>\u00bfQu\u00e9 podemos ofrecerte?<\/p>\n\n\n\n<p>-Seguro de Responsabilidad Civil. Cualquier proyecto requiere una seguridad en caso de que un tercero reclame da\u00f1os, tanto personales como materiales.<\/p>\n\n\n\n<p>-Seguro en caso de cancelaci\u00f3n o interrupci\u00f3n del proyecto por motivos varios.<\/p>\n\n\n\n<p>-Seguro en caso de rotura o robo de equipos de rodaje (c\u00e1maras, luces, sonido).<\/p>\n\n\n\n<p>-Seguro colectivo de accidentes, para equipo de grabaci\u00f3n, actores, especialistas, reparto en general.<\/p>\n\n\n\n<p>Ponte en contacto con nosotros y trabaja con la tranquilidad de tener respaldo asegurado.<\/p>\n\n\n\n<p>LLV Corredur\u00eda de Seguros es adem\u00e1s miembro activo de CINEMUR, asociaci\u00f3n profesional del cine en Murcia. <\/p>\n\n\n\n<figure class=\"wp-block-image size-large\"><img fetchpriority=\"high\" decoding=\"async\" width=\"1024\" height=\"322\" src=\"https:\/\/llvseguros.com\/wp-content\/uploads\/2025\/03\/banner-1155437_1280-1024x322.webp\" alt=\"\" class=\"wp-image-362\" srcset=\"https:\/\/llvseguros.com\/wp-content\/uploads\/2025\/03\/banner-1155437_1280-1024x322.webp 1024w, https:\/\/llvseguros.com\/wp-content\/uploads\/2025\/03\/banner-1155437_1280-300x94.webp 300w, https:\/\/llvseguros.com\/wp-content\/uploads\/2025\/03\/banner-1155437_1280-768x241.webp 768w, https:\/\/llvseguros.com\/wp-content\/uploads\/2025\/03\/banner-1155437_1280.webp 1280w\" sizes=\"(max-width: 1024px) 100vw, 1024px\" \/><\/figure>\n","protected":false},"excerpt":{"rendered":"<p>Sin duda, uno de los seguros quiz\u00e1 m\u00e1s desconocidos, es el que dedicamos a la industria del cine, en realidad, para cualquier proyecto audiovisual. Desde LLV CORREDURIA DE SEGUROS te ofrecemos esa garant\u00eda que necesitas para tu pel\u00edcula, cortometraje, documental, spot publicitario o cualquier proyecto audiovisual, para tener la seguridad de que tu proyecto llegar\u00e1 [&hellip;]<\/p>\n","protected":false},"author":2,"featured_media":0,"parent":0,"menu_order":0,"comment_status":"closed","ping_status":"closed","template":"","meta":{"footnotes":""},"class_list":["post-361","page","type-page","status-publish","hentry"],"_links":{"self":[{"href":"https:\/\/llvseguros.com\/index.php\/wp-json\/wp\/v2\/pages\/361","targetHints":{"allow":["GET"]}}],"collection":[{"href":"https:\/\/llvseguros.com\/index.php\/wp-json\/wp\/v2\/pages"}],"about":[{"href":"https:\/\/llvseguros.com\/index.php\/wp-json\/wp\/v2\/types\/page"}],"author":[{"embeddable":true,"href":"https:\/\/llvseguros.com\/index.php\/wp-json\/wp\/v2\/users\/2"}],"replies":[{"embeddable":true,"href":"https:\/\/llvseguros.com\/index.php\/wp-json\/wp\/v2\/comments?post=361"}],"version-history":[{"count":1,"href":"https:\/\/llvseguros.com\/index.php\/wp-json\/wp\/v2\/pages\/361\/revisions"}],"predecessor-version":[{"id":363,"href":"https:\/\/llvseguros.com\/index.php\/wp-json\/wp\/v2\/pages\/361\/revisions\/363"}],"wp:attachment":[{"href":"https:\/\/llvseguros.com\/index.php\/wp-json\/wp\/v2\/media?parent=361"}],"curies":[{"name":"wp","href":"https:\/\/api.w.org\/{rel}","templated":true}]}}