{"id":39,"date":"2023-10-27T23:22:54","date_gmt":"2023-10-27T21:22:54","guid":{"rendered":"https:\/\/llvseguros.com\/index.php\/services\/"},"modified":"2025-03-03T22:35:46","modified_gmt":"2025-03-03T21:35:46","slug":"servicios","status":"publish","type":"page","link":"https:\/\/llvseguros.com\/index.php\/servicios\/","title":{"rendered":"Servicios"},"content":{"rendered":"\t\t<div data-elementor-type=\"wp-page\" data-elementor-id=\"39\" class=\"elementor elementor-39\" data-elementor-post-type=\"page\">\n\t\t\t\t<div class=\"elementor-element elementor-element-2ad6ee36 e-con-full e-flex e-con e-parent\" data-id=\"2ad6ee36\" data-element_type=\"container\">\n\t\t<div class=\"elementor-element elementor-element-51f26f3d e-con-full e-flex e-con e-child\" data-id=\"51f26f3d\" data-element_type=\"container\" data-settings=\"{&quot;background_background&quot;:&quot;classic&quot;}\">\n\t\t\t\t<\/div>\n\t\t<div class=\"elementor-element elementor-element-3fe329d7 e-con-full e-flex e-con e-child\" data-id=\"3fe329d7\" data-element_type=\"container\">\n\t\t\t\t<div class=\"elementor-element elementor-element-442fdf01 elementor-widget elementor-widget-heading\" data-id=\"442fdf01\" data-element_type=\"widget\" data-widget_type=\"heading.default\">\n\t\t\t\t<div class=\"elementor-widget-container\">\n\t\t\t<h1 class=\"elementor-heading-title elementor-size-default\">Nuestros Seguros<\/h1>\t\t<\/div>\n\t\t\t\t<\/div>\n\t\t\t\t<div class=\"elementor-element elementor-element-4375cc56 elementor-widget elementor-widget-text-editor\" data-id=\"4375cc56\" data-element_type=\"widget\" data-widget_type=\"text-editor.default\">\n\t\t\t\t<div class=\"elementor-widget-container\">\n\t\t\t\t\t\t\t<p>En Luis L\u00f3pez Vidal, entendemos que la elecci\u00f3n de un seguro es una decisi\u00f3n importante para proteger lo que m\u00e1s valoras. Te ofrecemos una gama completa de seguros dise\u00f1ados para satisfacer tus necesidades individuales y familiares. Aqu\u00ed te presentamos algunas razones para elegirnos.<\/p>\t\t\t\t\t\t<\/div>\n\t\t\t\t<\/div>\n\t\t\t\t<\/div>\n\t\t\t\t<\/div>\n\t\t<div class=\"elementor-element elementor-element-4a49af32 e-flex e-con-boxed e-con e-parent\" data-id=\"4a49af32\" data-element_type=\"container\">\n\t\t\t\t\t<div class=\"e-con-inner\">\n\t\t\t\t<div class=\"elementor-element elementor-element-4a6e221 elementor-cta--layout-image-left elementor-cta--valign-middle elementor-cta--mobile-layout-image-above elementor-cta--skin-classic elementor-animated-content elementor-bg-transform elementor-bg-transform-zoom-in elementor-widget elementor-widget-call-to-action\" data-id=\"4a6e221\" data-element_type=\"widget\" id=\"service_2\" data-widget_type=\"call-to-action.default\">\n\t\t\t\t<div class=\"elementor-widget-container\">\n\t\t\t\t\t<a class=\"elementor-cta\" href=\"https:\/\/llvseguros.com\/index.php\/seguros-para-el-audiovisual\/\">\n\t\t\t\t\t<div class=\"elementor-cta__bg-wrapper\">\n\t\t\t\t<div class=\"elementor-cta__bg elementor-bg\" style=\"background-image: url(https:\/\/llvseguros.com\/wp-content\/uploads\/2025\/03\/set-3884399_1920-1.jpg);\" role=\"img\" aria-label=\"set-3884399_1920\"><\/div>\n\t\t\t\t<div class=\"elementor-cta__bg-overlay\"><\/div>\n\t\t\t<\/div>\n\t\t\t\t\t\t\t<div class=\"elementor-cta__content\">\n\t\t\t\t\n\t\t\t\t\t\t\t\t\t<h4 class=\"elementor-cta__title elementor-cta__content-item elementor-content-item\">\n\t\t\t\t\t\tSeguros Para El Audiovisual\t\t\t\t\t<\/h4>\n\t\t\t\t\n\t\t\t\t\t\t\t\t\t<div class=\"elementor-cta__description elementor-cta__content-item elementor-content-item\">\n\t\t\t\t\t\tEl seguro para la industria audiovisual es una p\u00f3liza especializada dise\u00f1ada para proteger a productoras, agencias y profesionales del sector frente a los riesgos \u00fanicos asociados con producciones audiovisuales.\t\t\t\t\t<\/div>\n\t\t\t\t\n\t\t\t\t\t\t\t<\/div>\n\t\t\t\t\t\t<\/a>\n\t\t\t\t<\/div>\n\t\t\t\t<\/div>\n\t\t\t\t<div class=\"elementor-element elementor-element-7b475196 elementor-cta--layout-image-right elementor-cta--valign-middle elementor-cta--mobile-layout-image-above elementor-cta--skin-classic elementor-animated-content elementor-bg-transform elementor-bg-transform-zoom-in elementor-widget elementor-widget-call-to-action\" data-id=\"7b475196\" data-element_type=\"widget\" id=\"service_1\" data-widget_type=\"call-to-action.default\">\n\t\t\t\t<div class=\"elementor-widget-container\">\n\t\t\t\t\t<div class=\"elementor-cta\">\n\t\t\t\t\t<div class=\"elementor-cta__bg-wrapper\">\n\t\t\t\t<div class=\"elementor-cta__bg elementor-bg\" style=\"background-image: url(https:\/\/llvseguros.com\/wp-content\/uploads\/2023\/10\/money-2724245_1280.jpg);\" role=\"img\" aria-label=\"seguro de hogar Luis Lopez Vidal\"><\/div>\n\t\t\t\t<div class=\"elementor-cta__bg-overlay\"><\/div>\n\t\t\t<\/div>\n\t\t\t\t\t\t\t<div class=\"elementor-cta__content\">\n\t\t\t\t\n\t\t\t\t\t\t\t\t\t<h4 class=\"elementor-cta__title elementor-cta__content-item elementor-content-item\">\n\t\t\t\t\t\tSeguros de Hogar - Protege tu Refugio\t\t\t\t\t<\/h4>\n\t\t\t\t\n\t\t\t\t\t\t\t\t\t<div class=\"elementor-cta__description elementor-cta__content-item elementor-content-item\">\n\t\t\t\t\t\tNuestros seguros de hogar est\u00e1n dise\u00f1ados para brindarte paz mental. Protege tu vivienda y pertenencias de imprevistos como incendios, robos o da\u00f1os por agua. Adem\u00e1s, ofrecemos coberturas adicionales para joyas, obras de arte y otros objetos de valor.\t\t\t\t\t<\/div>\n\t\t\t\t\n\t\t\t\t\t\t\t<\/div>\n\t\t\t\t\t\t<\/div>\n\t\t\t\t<\/div>\n\t\t\t\t<\/div>\n\t\t\t\t<div class=\"elementor-element elementor-element-656508d elementor-cta--layout-image-left elementor-cta--valign-middle elementor-cta--mobile-layout-image-above elementor-cta--skin-classic elementor-animated-content elementor-bg-transform elementor-bg-transform-zoom-in elementor-widget elementor-widget-call-to-action\" data-id=\"656508d\" data-element_type=\"widget\" data-widget_type=\"call-to-action.default\">\n\t\t\t\t<div class=\"elementor-widget-container\">\n\t\t\t\t\t<div class=\"elementor-cta\">\n\t\t\t\t\t<div class=\"elementor-cta__bg-wrapper\">\n\t\t\t\t<div class=\"elementor-cta__bg elementor-bg\" style=\"background-image: url(https:\/\/llvseguros.com\/wp-content\/uploads\/2023\/10\/crash-test-1620591_1280.jpg);\" role=\"img\" aria-label=\"seguro de auto Luis Lopez Vidal\"><\/div>\n\t\t\t\t<div class=\"elementor-cta__bg-overlay\"><\/div>\n\t\t\t<\/div>\n\t\t\t\t\t\t\t<div class=\"elementor-cta__content\">\n\t\t\t\t\n\t\t\t\t\t\t\t\t\t<h4 class=\"elementor-cta__title elementor-cta__content-item elementor-content-item\">\n\t\t\t\t\t\tSeguros de Coche - Conducci\u00f3n Segura\t\t\t\t\t<\/h4>\n\t\t\t\t\n\t\t\t\t\t\t\t\t\t<div class=\"elementor-cta__description elementor-cta__content-item elementor-content-item\">\n\t\t\t\t\t\tNuestros seguros de coche te ofrecen la protecci\u00f3n que necesitas en la carretera. Cubrimos da\u00f1os a tu veh\u00edculo, responsabilidad civil y asistencia en carretera. Adem\u00e1s, te proporcionamos opciones personalizadas para conductores j\u00f3venes, experimentados o con veh\u00edculos de alta gama.\t\t\t\t\t<\/div>\n\t\t\t\t\n\t\t\t\t\t\t\t<\/div>\n\t\t\t\t\t\t<\/div>\n\t\t\t\t<\/div>\n\t\t\t\t<\/div>\n\t\t\t\t<div class=\"elementor-element elementor-element-38fca0c1 elementor-cta--layout-image-right elementor-cta--valign-middle elementor-cta--mobile-layout-image-above elementor-cta--skin-classic elementor-animated-content elementor-bg-transform elementor-bg-transform-zoom-in elementor-widget elementor-widget-call-to-action\" data-id=\"38fca0c1\" data-element_type=\"widget\" id=\"service_3\" data-widget_type=\"call-to-action.default\">\n\t\t\t\t<div class=\"elementor-widget-container\">\n\t\t\t\t\t<div class=\"elementor-cta\">\n\t\t\t\t\t<div class=\"elementor-cta__bg-wrapper\">\n\t\t\t\t<div class=\"elementor-cta__bg elementor-bg\" style=\"background-image: url(https:\/\/llvseguros.com\/wp-content\/uploads\/2023\/10\/owen-beard-DK8jXx1B-1c-unsplash-scaled.jpg);\" role=\"img\" aria-label=\"seguro de salud Luis Lopez Vidal\"><\/div>\n\t\t\t\t<div class=\"elementor-cta__bg-overlay\"><\/div>\n\t\t\t<\/div>\n\t\t\t\t\t\t\t<div class=\"elementor-cta__content\">\n\t\t\t\t\n\t\t\t\t\t\t\t\t\t<h4 class=\"elementor-cta__title elementor-cta__content-item elementor-content-item\">\n\t\t\t\t\t\tSeguros de Salud - Tu Bienestar es lo Primero\t\t\t\t\t<\/h4>\n\t\t\t\t\n\t\t\t\t\t\t\t\t\t<div class=\"elementor-cta__description elementor-cta__content-item elementor-content-item\">\n\t\t\t\t\t\tLa salud es tu activo m\u00e1s valioso. Nuestros seguros de salud te brindan acceso a la atenci\u00f3n m\u00e9dica de calidad. Cubrimos gastos m\u00e9dicos, hospitalizaci\u00f3n y cirug\u00eda, adem\u00e1s de ofrecer opciones de cobertura dental y servicios de bienestar.\t\t\t\t\t<\/div>\n\t\t\t\t\n\t\t\t\t\t\t\t<\/div>\n\t\t\t\t\t\t<\/div>\n\t\t\t\t<\/div>\n\t\t\t\t<\/div>\n\t\t\t\t<div class=\"elementor-element elementor-element-4b6cc7cf elementor-cta--layout-image-left elementor-cta--valign-middle elementor-cta--mobile-layout-image-above elementor-cta--skin-classic elementor-animated-content elementor-bg-transform elementor-bg-transform-zoom-in elementor-widget elementor-widget-call-to-action\" data-id=\"4b6cc7cf\" data-element_type=\"widget\" id=\"service_4\" data-widget_type=\"call-to-action.default\">\n\t\t\t\t<div class=\"elementor-widget-container\">\n\t\t\t\t\t<div class=\"elementor-cta\">\n\t\t\t\t\t<div class=\"elementor-cta__bg-wrapper\">\n\t\t\t\t<div class=\"elementor-cta__bg elementor-bg\" style=\"background-image: url(https:\/\/llvseguros.com\/wp-content\/uploads\/2023\/10\/juliane-liebermann-O-RKu3Aqnsw-unsplash.jpg);\" role=\"img\" aria-label=\"seguro de vida Luis Lopez Vidal\"><\/div>\n\t\t\t\t<div class=\"elementor-cta__bg-overlay\"><\/div>\n\t\t\t<\/div>\n\t\t\t\t\t\t\t<div class=\"elementor-cta__content\">\n\t\t\t\t\n\t\t\t\t\t\t\t\t\t<h4 class=\"elementor-cta__title elementor-cta__content-item elementor-content-item\">\n\t\t\t\t\t\tSeguros de Vida - Protege a tus Seres Queridos\t\t\t\t\t<\/h4>\n\t\t\t\t\n\t\t\t\t\t\t\t\t\t<div class=\"elementor-cta__description elementor-cta__content-item elementor-content-item\">\n\t\t\t\t\t\tUn seguro de vida es una forma de asegurar el futuro financiero de tu familia. Proporciona seguridad econ\u00f3mica en caso de tu fallecimiento o invalidez. Ofrecemos opciones de seguro de vida a t\u00e9rmino y seguros de vida enteros que se adaptan a tus necesidades.\t\t\t\t\t<\/div>\n\t\t\t\t\n\t\t\t\t\t\t\t<\/div>\n\t\t\t\t\t\t<\/div>\n\t\t\t\t<\/div>\n\t\t\t\t<\/div>\n\t\t\t\t<div class=\"elementor-element elementor-element-6aedf27 elementor-cta--layout-image-right elementor-cta--valign-middle elementor-cta--mobile-layout-image-above elementor-cta--skin-classic elementor-animated-content elementor-bg-transform elementor-bg-transform-zoom-in elementor-widget elementor-widget-call-to-action\" data-id=\"6aedf27\" data-element_type=\"widget\" id=\"service_5\" data-widget_type=\"call-to-action.default\">\n\t\t\t\t<div class=\"elementor-widget-container\">\n\t\t\t\t\t<div class=\"elementor-cta\">\n\t\t\t\t\t<div class=\"elementor-cta__bg-wrapper\">\n\t\t\t\t<div class=\"elementor-cta__bg elementor-bg\" style=\"background-image: url(https:\/\/llvseguros.com\/wp-content\/uploads\/2023\/10\/damir-kopezhanov-nC6CyrVBtkU-unsplash-scaled.jpg);\" role=\"img\" aria-label=\"damir-kopezhanov-nC6CyrVBtkU-unsplash\"><\/div>\n\t\t\t\t<div class=\"elementor-cta__bg-overlay\"><\/div>\n\t\t\t<\/div>\n\t\t\t\t\t\t\t<div class=\"elementor-cta__content\">\n\t\t\t\t\n\t\t\t\t\t\t\t\t\t<h4 class=\"elementor-cta__title elementor-cta__content-item elementor-content-item\">\n\t\t\t\t\t\tSeguros de Negocios - Protege tu Empresa\t\t\t\t\t<\/h4>\n\t\t\t\t\n\t\t\t\t\t\t\t\t\t<div class=\"elementor-cta__description elementor-cta__content-item elementor-content-item\">\n\t\t\t\t\t\tProtege tu empresa con nuestros seguros de negocios. Ofrecemos cobertura para la propiedad, responsabilidad civil, interrupci\u00f3n de negocio y m\u00e1s. Adaptamos las p\u00f3lizas a las necesidades \u00fanicas de tu empresa, ya sea peque\u00f1a o grande.\t\t\t\t\t<\/div>\n\t\t\t\t\n\t\t\t\t\t\t\t<\/div>\n\t\t\t\t\t\t<\/div>\n\t\t\t\t<\/div>\n\t\t\t\t<\/div>\n\t\t\t\t\t<\/div>\n\t\t\t\t<\/div>\n\t\t\t\t<\/div>\n\t\t","protected":false},"excerpt":{"rendered":"<p>Nuestros Seguros En Luis L\u00f3pez Vidal, entendemos que la elecci\u00f3n de un seguro es una decisi\u00f3n importante para proteger lo que m\u00e1s valoras. Te ofrecemos una gama completa de seguros dise\u00f1ados para satisfacer tus necesidades individuales y familiares. Aqu\u00ed te presentamos algunas razones para elegirnos. Seguros Para El Audiovisual El seguro para la industria audiovisual [&hellip;]<\/p>\n","protected":false},"author":1,"featured_media":0,"parent":0,"menu_order":0,"comment_status":"closed","ping_status":"closed","template":"elementor_header_footer","meta":{"footnotes":""},"class_list":["post-39","page","type-page","status-publish","hentry"],"_links":{"self":[{"href":"https:\/\/llvseguros.com\/index.php\/wp-json\/wp\/v2\/pages\/39","targetHints":{"allow":["GET"]}}],"collection":[{"href":"https:\/\/llvseguros.com\/index.php\/wp-json\/wp\/v2\/pages"}],"about":[{"href":"https:\/\/llvseguros.com\/index.php\/wp-json\/wp\/v2\/types\/page"}],"author":[{"embeddable":true,"href":"https:\/\/llvseguros.com\/index.php\/wp-json\/wp\/v2\/users\/1"}],"replies":[{"embeddable":true,"href":"https:\/\/llvseguros.com\/index.php\/wp-json\/wp\/v2\/comments?post=39"}],"version-history":[{"count":21,"href":"https:\/\/llvseguros.com\/index.php\/wp-json\/wp\/v2\/pages\/39\/revisions"}],"predecessor-version":[{"id":402,"href":"https:\/\/llvseguros.com\/index.php\/wp-json\/wp\/v2\/pages\/39\/revisions\/402"}],"wp:attachment":[{"href":"https:\/\/llvseguros.com\/index.php\/wp-json\/wp\/v2\/media?parent=39"}],"curies":[{"name":"wp","href":"https:\/\/api.w.org\/{rel}","templated":true}]}}